{"id":16,"date":"2024-02-12T18:45:29","date_gmt":"2024-02-12T18:45:29","guid":{"rendered":"https:\/\/tillsammans2024.se\/?page_id=16"},"modified":"2024-03-04T10:58:30","modified_gmt":"2024-03-04T10:58:30","slug":"tillsammans-2024","status":"publish","type":"page","link":"https:\/\/tillsammans2024.se\/en\/","title":{"rendered":"Tillsammans 2024"},"content":{"rendered":"\n<div class=\"wp-block-group alignfull has-contrast-2-background-color has-background has-global-padding is-layout-constrained wp-container-core-group-is-layout-97829e9f wp-block-group-is-layout-constrained\" style=\"padding-right:var(--wp--preset--spacing--40);padding-left:var(--wp--preset--spacing--40)\">\n<div style=\"height:50px\" aria-hidden=\"true\" class=\"wp-block-spacer\"><\/div>\n\n\n\n<figure class=\"wp-block-embed alignwide is-type-video is-provider-vimeo wp-block-embed-vimeo wp-embed-aspect-16-9 wp-has-aspect-ratio\" style=\"margin-right:0;margin-left:0\"><div class=\"wp-block-embed__wrapper\">\n<iframe loading=\"lazy\" title=\"Tillsammans 2024 - Crafting Future\" src=\"https:\/\/player.vimeo.com\/video\/912650157?h=7b0f9b02cc&amp;dnt=1&amp;app_id=122963\" width=\"500\" height=\"281\" frameborder=\"0\" allow=\"autoplay; fullscreen; picture-in-picture; clipboard-write; encrypted-media\"><\/iframe>\n<\/div><\/figure>\n\n\n\n<div style=\"height:25px\" aria-hidden=\"true\" class=\"wp-block-spacer\"><\/div>\n\n\n\n<h2 class=\"wp-block-heading has-text-align-center\">CRAFTING FUTURE<\/h2>\n\n\n\n<div class=\"wp-block-group alignwide is-layout-flow wp-block-group-is-layout-flow\">\n<p class=\"has-text-align-center\">[Pioneering the future. Guided by passion. Designed by dreams. Made by hand.]<\/p>\n<\/div>\n\n\n\n<p class=\"has-text-align-center has-small-font-size\">\u00a9 Nordic Nest Group 2024, \u00c4lmhult, Tillsammans 2024&nbsp;<\/p>\n\n\n\n<div style=\"height:50px\" aria-hidden=\"true\" class=\"wp-block-spacer\"><\/div>\n<\/div>\n\n\n\n<div class=\"wp-block-group alignfull has-global-padding is-layout-constrained wp-container-core-group-is-layout-97829e9f wp-block-group-is-layout-constrained\" id=\"anmalan\" style=\"padding-right:var(--wp--preset--spacing--40);padding-left:var(--wp--preset--spacing--40)\">\n<div style=\"height:50px\" aria-hidden=\"true\" class=\"wp-block-spacer\"><\/div>\n\n\n\n<h1 class=\"wp-block-heading alignwide has-text-align-center\">Anm\u00e4l dig idag!&nbsp;<\/h1>\n\n\n\n<p>Vi ser verkligen fram emot v\u00e5ra dagar tillsammans den 12-13 april. H\u00e4r f\u00f6ljer lite v\u00e4rdefull information inf\u00f6r din anm\u00e4lan.&nbsp;<\/p>\n\n\n\n<p><strong>Vart \u00e4r vi p\u00e5 v\u00e4g?<\/strong><br>Bussarna rullar mot \u00c4lmhult fr\u00e5n St\u00e4mpelv\u00e4gen i Kalmar 07:30 fredagen den 12 april. Vi r\u00e4knar med att vara tillbaka i Kalmar runt 19.00 p\u00e5 l\u00f6rdagen den 13 april. F\u00f6r alla hj\u00e4ltar som ansluter fr\u00e5n andra h\u00e5ll i Sverige och v\u00e4rlden s\u00e5 kommer mer information om reseplanering l\u00e4ngre fram.&nbsp;<\/p>\n\n\n\n<p><strong>Vem delar du Nest med?<\/strong><br>I samband med din anm\u00e4lan kan du \u00e4ven ange vem du \u00f6nskar dela rum med i \u00c4lmhult. Detta g\u00e5r <strong>inte<\/strong> att \u00e4ndra i efterhand s\u00e5 kroka arm med n\u00e5gon redan nu. Alla kommer att bo i dubbelrum men det finns \u00e4ven ett mindre antal coola 4-b\u00e4ddsrum f\u00f6r er som vill bo med ett lite st\u00f6rre g\u00e4ng. <strong>Ni som vet vilka ni vill bo med anm\u00e4ler er <u>gemensamt vid ett tillf\u00e4lle<\/u>.<\/strong> Givetvis kan du \u00e4ven anm\u00e4la dig sj\u00e4lv, och d\u00e5 kommer vi matcha dig med en rumskompis.&nbsp;<\/p>\n\n\n\n<p><strong>S\u00e4kra din biljett till framtiden!<\/strong><br>OSA senast 1 mars 2024.<\/p>\n\n\n\n<div style=\"height:50px\" aria-hidden=\"true\" class=\"wp-block-spacer\"><\/div>\n\n\n\n<h2 class=\"wp-block-heading has-text-align-center has-contrast-2-color has-text-color has-link-color has-large-font-size wp-elements-873f628a85bf379eecbf4bb3c1ae513b\">Anm\u00e4lan \u00e4r st\u00e4ngd!<\/h2>\n\n\n\n<div style=\"height:50px\" aria-hidden=\"true\" class=\"wp-block-spacer\"><\/div>\n<\/div>\n\n\n\n<div class=\"wp-block-cover alignfull\" style=\"margin-top:0;margin-bottom:0;min-height:40vw;aspect-ratio:unset;\"><span aria-hidden=\"true\" class=\"wp-block-cover__background has-contrast-background-color has-background-dim-30 has-background-dim\"><\/span><img loading=\"lazy\" decoding=\"async\" width=\"2560\" height=\"1707\" class=\"wp-block-cover__image-background wp-image-36\" alt=\"\" src=\"https:\/\/tillsammans2024.se\/wp-content\/uploads\/2024\/02\/NN-Tillsammans2022-246-Web-scaled.jpg\" style=\"object-position:50% 30%\" data-object-fit=\"cover\" data-object-position=\"50% 30%\" srcset=\"https:\/\/tillsammans2024.se\/wp-content\/uploads\/2024\/02\/NN-Tillsammans2022-246-Web-scaled.jpg 2560w, https:\/\/tillsammans2024.se\/wp-content\/uploads\/2024\/02\/NN-Tillsammans2022-246-Web-300x200.jpg 300w, https:\/\/tillsammans2024.se\/wp-content\/uploads\/2024\/02\/NN-Tillsammans2022-246-Web-1024x683.jpg 1024w, https:\/\/tillsammans2024.se\/wp-content\/uploads\/2024\/02\/NN-Tillsammans2022-246-Web-768x512.jpg 768w, https:\/\/tillsammans2024.se\/wp-content\/uploads\/2024\/02\/NN-Tillsammans2022-246-Web-1536x1024.jpg 1536w, https:\/\/tillsammans2024.se\/wp-content\/uploads\/2024\/02\/NN-Tillsammans2022-246-Web-2048x1365.jpg 2048w\" sizes=\"auto, (max-width: 2560px) 100vw, 2560px\" \/><div class=\"wp-block-cover__inner-container is-layout-flow wp-block-cover-is-layout-flow\">\n<h1 class=\"wp-block-heading has-text-align-center has-base-2-color has-text-color has-link-color wp-elements-602d43334ce2d926e0379230d234f74a\">\u00c4lmhult <br>12\u201313 april<\/h1>\n<\/div><\/div>\n","protected":false},"excerpt":{"rendered":"<p>CRAFTING FUTURE [Pioneering the future. Guided by passion. Designed by dreams. Made by hand.] \u00a9 Nordic Nest Group 2024, \u00c4lmhult, Tillsammans 2024&nbsp; Anm\u00e4l dig idag!&nbsp; Vi ser verkligen fram emot v\u00e5ra dagar tillsammans den 12-13 april. H\u00e4r f\u00f6ljer lite v\u00e4rdefull information inf\u00f6r din anm\u00e4lan.&nbsp; Vart \u00e4r vi p\u00e5 v\u00e4g?Bussarna rullar mot \u00c4lmhult fr\u00e5n St\u00e4mpelv\u00e4gen i [&hellip;]<\/p>\n","protected":false},"author":2,"featured_media":0,"parent":0,"menu_order":0,"comment_status":"closed","ping_status":"closed","template":"startsida","meta":{"footnotes":""},"class_list":["post-16","page","type-page","status-publish","hentry"],"_links":{"self":[{"href":"https:\/\/tillsammans2024.se\/en\/wp-json\/wp\/v2\/pages\/16","targetHints":{"allow":["GET"]}}],"collection":[{"href":"https:\/\/tillsammans2024.se\/en\/wp-json\/wp\/v2\/pages"}],"about":[{"href":"https:\/\/tillsammans2024.se\/en\/wp-json\/wp\/v2\/types\/page"}],"author":[{"embeddable":true,"href":"https:\/\/tillsammans2024.se\/en\/wp-json\/wp\/v2\/users\/2"}],"replies":[{"embeddable":true,"href":"https:\/\/tillsammans2024.se\/en\/wp-json\/wp\/v2\/comments?post=16"}],"version-history":[{"count":56,"href":"https:\/\/tillsammans2024.se\/en\/wp-json\/wp\/v2\/pages\/16\/revisions"}],"predecessor-version":[{"id":149,"href":"https:\/\/tillsammans2024.se\/en\/wp-json\/wp\/v2\/pages\/16\/revisions\/149"}],"wp:attachment":[{"href":"https:\/\/tillsammans2024.se\/en\/wp-json\/wp\/v2\/media?parent=16"}],"curies":[{"name":"wp","href":"https:\/\/api.w.org\/{rel}","templated":true}]}}